{"id":8361,"date":"2026-01-26T15:34:54","date_gmt":"2026-01-26T12:34:54","guid":{"rendered":"https:\/\/cukurovaliparis.com\/planlanan-projeler\/"},"modified":"2026-04-15T14:26:23","modified_gmt":"2026-04-15T11:26:23","slug":"planned-projects","status":"publish","type":"page","link":"https:\/\/cukurovaliparis.com\/en\/planned-projects\/","title":{"rendered":"Planned Projects"},"content":{"rendered":"\t\t<div data-elementor-type=\"wp-page\" data-elementor-id=\"8361\" class=\"elementor elementor-8361 elementor-7185\">\n\t\t\t\t<div class=\"elementor-element elementor-element-76bd3f7 e-flex e-con-boxed qodef-elementor-content-no e-con e-parent\" data-id=\"76bd3f7\" data-element_type=\"container\">\n\t\t\t\t\t<div class=\"e-con-inner\">\n\t\t<div class=\"elementor-element elementor-element-6ad1c7a e-con-full e-flex qodef-elementor-content-no e-con e-child\" data-id=\"6ad1c7a\" data-element_type=\"container\">\n\t\t\t\t<div class=\"elementor-element elementor-element-dd67e05 elementor-widget elementor-widget-image\" data-id=\"dd67e05\" data-element_type=\"widget\" data-widget_type=\"image.default\">\n\t\t\t\t\t\t\t\t\t\t\t\t\t\t\t<img fetchpriority=\"high\" decoding=\"async\" width=\"1200\" height=\"675\" src=\"https:\/\/cukurovaliparis.com\/wp-content\/uploads\/2026\/01\/cengelkoy_2-header.jpg\" class=\"attachment-full size-full wp-image-8362\" alt=\"\" srcset=\"https:\/\/cukurovaliparis.com\/wp-content\/uploads\/2026\/01\/cengelkoy_2-header.jpg 1200w, https:\/\/cukurovaliparis.com\/wp-content\/uploads\/2026\/01\/cengelkoy_2-header-300x169.jpg 300w, https:\/\/cukurovaliparis.com\/wp-content\/uploads\/2026\/01\/cengelkoy_2-header-1024x576.jpg 1024w, https:\/\/cukurovaliparis.com\/wp-content\/uploads\/2026\/01\/cengelkoy_2-header-768x432.jpg 768w, https:\/\/cukurovaliparis.com\/wp-content\/uploads\/2026\/01\/cengelkoy_2-header-600x338.jpg 600w\" sizes=\"(max-width: 1200px) 100vw, 1200px\" \/>\t\t\t\t\t\t\t\t\t\t\t\t\t\t\t<\/div>\n\t\t\t\t<\/div>\n\t\t<div class=\"elementor-element elementor-element-c611ebb e-con-full e-flex qodef-elementor-content-no e-con e-child\" data-id=\"c611ebb\" data-element_type=\"container\">\n\t\t\t\t<div class=\"elementor-element elementor-element-4cdb239 elementor-widget__width-inherit elementor-widget elementor-widget-text-editor\" data-id=\"4cdb239\" data-element_type=\"widget\" data-widget_type=\"text-editor.default\">\n\t\t\t\t\t\t\t\t\t<h2 style=\"color: #ddbd67;\">\u00c7engelk\u00f6y \u00c7ukurova Liparis Evleri 2<\/h2><p>In the calm fabric of the Bosphorus line, a distinguished residential project that prioritizes human scale is coming soon to \u00c7engelk\u00f6y. With the \u00c7ukurova Liparis approach, trust, architectural balance, and living comfort will come together on the same line.<\/p>\t\t\t\t\t\t\t\t<\/div>\n\t\t\t\t<div class=\"elementor-element elementor-element-a876d0a elementor-widget__width-initial elementor-widget elementor-widget-qi_addons_for_elementor_button\" data-id=\"a876d0a\" data-element_type=\"widget\" data-widget_type=\"qi_addons_for_elementor_button.default\">\n\t\t\t\t<div class=\"elementor-widget-container\">\n\t\t\t\t\t<a class=\"qodef-shortcode qodef-m qodef-qi-button qodef-html--link qodef-layout--filled qodef-type--standard qodef-icon--right qodef-hover--icon-move-horizontal-short\" href=\"\/en\/property-item\/cengelkoy-cukurova-liparis-evleri-2\/\" target=\"_self\">\n\t<span class=\"qodef-m-text\">View<\/span>\n\t\t<span class=\"qodef-m-icon\">\n\t\t<span class=\"qodef-m-icon-inner\">\n\t\t\t<svg aria-hidden=\"true\" class=\"e-font-icon-svg e-fas-arrow-right\" viewBox=\"0 0 448 512\" xmlns=\"http:\/\/www.w3.org\/2000\/svg\"><path d=\"M190.5 66.9l22.2-22.2c9.4-9.4 24.6-9.4 33.9 0L441 239c9.4 9.4 9.4 24.6 0 33.9L246.6 467.3c-9.4 9.4-24.6 9.4-33.9 0l-22.2-22.2c-9.5-9.5-9.3-25 .4-34.3L311.4 296H24c-13.3 0-24-10.7-24-24v-32c0-13.3 10.7-24 24-24h287.4L190.9 101.2c-9.8-9.3-10-24.8-.4-34.3z\"><\/path><\/svg>\t\t\t\t\t<\/span>\n\t<\/span>\n<\/a>\n\t\t\t\t<\/div>\n\t\t\t\t<\/div>\n\t\t\t\t<\/div>\n\t\t\t\t\t<\/div>\n\t\t\t\t<\/div>\n\t\t<div class=\"elementor-element elementor-element-0bd751f e-flex e-con-boxed qodef-elementor-content-no e-con e-parent\" data-id=\"0bd751f\" data-element_type=\"container\">\n\t\t\t\t\t<div class=\"e-con-inner\">\n\t\t<div class=\"elementor-element elementor-element-49e22e0 e-con-full e-flex qodef-elementor-content-no e-con e-child\" data-id=\"49e22e0\" data-element_type=\"container\">\n\t\t\t\t<div class=\"elementor-element elementor-element-0572cbe elementor-widget elementor-widget-image\" data-id=\"0572cbe\" data-element_type=\"widget\" data-widget_type=\"image.default\">\n\t\t\t\t\t\t\t\t\t\t\t\t\t\t\t<img decoding=\"async\" width=\"1200\" height=\"675\" src=\"https:\/\/cukurovaliparis.com\/wp-content\/uploads\/2026\/01\/cengelkoy_3-header.jpg\" class=\"attachment-full size-full wp-image-8363\" alt=\"\" srcset=\"https:\/\/cukurovaliparis.com\/wp-content\/uploads\/2026\/01\/cengelkoy_3-header.jpg 1200w, https:\/\/cukurovaliparis.com\/wp-content\/uploads\/2026\/01\/cengelkoy_3-header-300x169.jpg 300w, https:\/\/cukurovaliparis.com\/wp-content\/uploads\/2026\/01\/cengelkoy_3-header-1024x576.jpg 1024w, https:\/\/cukurovaliparis.com\/wp-content\/uploads\/2026\/01\/cengelkoy_3-header-768x432.jpg 768w, https:\/\/cukurovaliparis.com\/wp-content\/uploads\/2026\/01\/cengelkoy_3-header-600x338.jpg 600w\" sizes=\"(max-width: 1200px) 100vw, 1200px\" \/>\t\t\t\t\t\t\t\t\t\t\t\t\t\t\t<\/div>\n\t\t\t\t<\/div>\n\t\t<div class=\"elementor-element elementor-element-f8cec6e e-con-full e-flex qodef-elementor-content-no e-con e-child\" data-id=\"f8cec6e\" data-element_type=\"container\">\n\t\t\t\t<div class=\"elementor-element elementor-element-4bfdce1 elementor-widget__width-inherit elementor-widget elementor-widget-text-editor\" data-id=\"4bfdce1\" data-element_type=\"widget\" data-widget_type=\"text-editor.default\">\n\t\t\t\t\t\t\t\t\t<h2 style=\"color: #ddbd67;\">\u00c7engelk\u00f6y \u00c7ukurova Liparis Evleri 3<\/h2><p>A new generation mixed use project that brings together living and functionality is being developed in \u00c7engelk\u00f6y. With a design shaped to align with the rhythm of the day, it is envisioned as a focal point that adds value to its surroundings.<\/p>\t\t\t\t\t\t\t\t<\/div>\n\t\t\t\t<div class=\"elementor-element elementor-element-20b98bb elementor-widget__width-initial elementor-widget elementor-widget-qi_addons_for_elementor_button\" data-id=\"20b98bb\" data-element_type=\"widget\" data-widget_type=\"qi_addons_for_elementor_button.default\">\n\t\t\t\t<div class=\"elementor-widget-container\">\n\t\t\t\t\t<a class=\"qodef-shortcode qodef-m qodef-qi-button qodef-html--link qodef-layout--filled qodef-type--standard qodef-icon--right qodef-hover--icon-move-horizontal-short\" href=\"\/en\/property-item\/cengelkoy-cukurova-liparis-evleri-3\/\" target=\"_self\">\n\t<span class=\"qodef-m-text\">View<\/span>\n\t\t<span class=\"qodef-m-icon\">\n\t\t<span class=\"qodef-m-icon-inner\">\n\t\t\t<svg aria-hidden=\"true\" class=\"e-font-icon-svg e-fas-arrow-right\" viewBox=\"0 0 448 512\" xmlns=\"http:\/\/www.w3.org\/2000\/svg\"><path d=\"M190.5 66.9l22.2-22.2c9.4-9.4 24.6-9.4 33.9 0L441 239c9.4 9.4 9.4 24.6 0 33.9L246.6 467.3c-9.4 9.4-24.6 9.4-33.9 0l-22.2-22.2c-9.5-9.5-9.3-25 .4-34.3L311.4 296H24c-13.3 0-24-10.7-24-24v-32c0-13.3 10.7-24 24-24h287.4L190.9 101.2c-9.8-9.3-10-24.8-.4-34.3z\"><\/path><\/svg>\t\t\t\t\t<\/span>\n\t<\/span>\n<\/a>\n\t\t\t\t<\/div>\n\t\t\t\t<\/div>\n\t\t\t\t<\/div>\n\t\t\t\t\t<\/div>\n\t\t\t\t<\/div>\n\t\t<div class=\"elementor-element elementor-element-69a8b44 e-flex e-con-boxed qodef-elementor-content-no e-con e-parent\" data-id=\"69a8b44\" data-element_type=\"container\">\n\t\t\t\t\t<div class=\"e-con-inner\">\n\t\t<div class=\"elementor-element elementor-element-71291fb e-con-full e-flex qodef-elementor-content-no e-con e-child\" data-id=\"71291fb\" data-element_type=\"container\">\n\t\t\t\t<div class=\"elementor-element elementor-element-3fbb41d elementor-widget elementor-widget-image\" data-id=\"3fbb41d\" data-element_type=\"widget\" data-widget_type=\"image.default\">\n\t\t\t\t\t\t\t\t\t\t\t\t\t\t\t<img decoding=\"async\" width=\"1200\" height=\"675\" src=\"https:\/\/cukurovaliparis.com\/wp-content\/uploads\/2026\/01\/cubuklu-header.jpg\" class=\"attachment-full size-full wp-image-8364\" alt=\"\" srcset=\"https:\/\/cukurovaliparis.com\/wp-content\/uploads\/2026\/01\/cubuklu-header.jpg 1200w, https:\/\/cukurovaliparis.com\/wp-content\/uploads\/2026\/01\/cubuklu-header-300x169.jpg 300w, https:\/\/cukurovaliparis.com\/wp-content\/uploads\/2026\/01\/cubuklu-header-1024x576.jpg 1024w, https:\/\/cukurovaliparis.com\/wp-content\/uploads\/2026\/01\/cubuklu-header-768x432.jpg 768w, https:\/\/cukurovaliparis.com\/wp-content\/uploads\/2026\/01\/cubuklu-header-600x338.jpg 600w\" sizes=\"(max-width: 1200px) 100vw, 1200px\" \/>\t\t\t\t\t\t\t\t\t\t\t\t\t\t\t<\/div>\n\t\t\t\t<\/div>\n\t\t<div class=\"elementor-element elementor-element-41f6dd1 e-con-full e-flex qodef-elementor-content-no e-con e-child\" data-id=\"41f6dd1\" data-element_type=\"container\">\n\t\t\t\t<div class=\"elementor-element elementor-element-80542cf elementor-widget__width-inherit elementor-widget elementor-widget-text-editor\" data-id=\"80542cf\" data-element_type=\"widget\" data-widget_type=\"text-editor.default\">\n\t\t\t\t\t\t\t\t\t<h2 style=\"color: #ddbd67;\">\u00c7ubuklu \u00c7ukurova Liparis Evleri<\/h2><p>In Beykoz \u00c7ubuklu, a nature oriented, controlled, and refined living concept is coming to life very soon. In line with the \u00c7ukurova Liparis approach, a calm environment, planned settlement, and long term value will come together in a single project.<\/p>\t\t\t\t\t\t\t\t<\/div>\n\t\t\t\t<div class=\"elementor-element elementor-element-f35c022 elementor-widget__width-initial elementor-widget elementor-widget-qi_addons_for_elementor_button\" data-id=\"f35c022\" data-element_type=\"widget\" data-widget_type=\"qi_addons_for_elementor_button.default\">\n\t\t\t\t<div class=\"elementor-widget-container\">\n\t\t\t\t\t<a class=\"qodef-shortcode qodef-m qodef-qi-button qodef-html--link qodef-layout--filled qodef-type--standard qodef-icon--right qodef-hover--icon-move-horizontal-short\" href=\"\/en\/property-item\/cubuklu-cukurova-liparis-evleri\/\" target=\"_self\">\n\t<span class=\"qodef-m-text\">View<\/span>\n\t\t<span class=\"qodef-m-icon\">\n\t\t<span class=\"qodef-m-icon-inner\">\n\t\t\t<svg aria-hidden=\"true\" class=\"e-font-icon-svg e-fas-arrow-right\" viewBox=\"0 0 448 512\" xmlns=\"http:\/\/www.w3.org\/2000\/svg\"><path d=\"M190.5 66.9l22.2-22.2c9.4-9.4 24.6-9.4 33.9 0L441 239c9.4 9.4 9.4 24.6 0 33.9L246.6 467.3c-9.4 9.4-24.6 9.4-33.9 0l-22.2-22.2c-9.5-9.5-9.3-25 .4-34.3L311.4 296H24c-13.3 0-24-10.7-24-24v-32c0-13.3 10.7-24 24-24h287.4L190.9 101.2c-9.8-9.3-10-24.8-.4-34.3z\"><\/path><\/svg>\t\t\t\t\t<\/span>\n\t<\/span>\n<\/a>\n\t\t\t\t<\/div>\n\t\t\t\t<\/div>\n\t\t\t\t<\/div>\n\t\t\t\t\t<\/div>\n\t\t\t\t<\/div>\n\t\t<div class=\"elementor-element elementor-element-4786b84 e-flex e-con-boxed qodef-elementor-content-no e-con e-parent\" data-id=\"4786b84\" data-element_type=\"container\">\n\t\t\t\t\t<div class=\"e-con-inner\">\n\t\t\t\t<div class=\"elementor-element elementor-element-640e456 elementor-widget elementor-widget-spacer\" data-id=\"640e456\" data-element_type=\"widget\" data-widget_type=\"spacer.default\">\n\t\t\t\t\t\t\t<div class=\"elementor-spacer\">\n\t\t\t<div class=\"elementor-spacer-inner\"><\/div>\n\t\t<\/div>\n\t\t\t\t\t\t<\/div>\n\t\t\t\t\t<\/div>\n\t\t\t\t<\/div>\n\t\t\t\t<section class=\"elementor-section elementor-top-section elementor-element elementor-element-9758a8b elementor-section-full_width elementor-hidden-desktop elementor-hidden-tablet elementor-hidden-mobile elementor-section-height-default elementor-section-height-default qodef-elementor-content-no\" data-id=\"9758a8b\" data-element_type=\"section\">\n\t\t\t\t\t\t<div class=\"elementor-container elementor-column-gap-default\">\n\t\t\t\t\t<div class=\"elementor-column elementor-col-100 elementor-top-column elementor-element elementor-element-3beec0e\" data-id=\"3beec0e\" data-element_type=\"column\">\n\t\t\t<div class=\"elementor-widget-wrap elementor-element-populated\">\n\t\t\t\t\t\t<div class=\"elementor-element elementor-element-d020af8 elementor-widget elementor-widget-fokkner_core_property_list\" data-id=\"d020af8\" data-element_type=\"widget\" data-widget_type=\"fokkner_core_property_list.default\">\n\t\t\t\t<div class=\"elementor-widget-container\">\n\t\t\t\t\t<div class=\"qodef-shortcode qodef-m qodef-property-list qodef-item-layout--info-over-image qodef-grid qodef-layout--columns qodef-layout--columns qodef-gutter--no qodef-col-num--2 qodef-item-layout--info-over-image qodef--no-bottom-space qodef-pagination--off qodef-responsive--predefined\" data-options=\"{&quot;plugin&quot;:&quot;fokkner_core&quot;,&quot;module&quot;:&quot;plugins\\\/property\\\/post-types\\\/property\\\/shortcodes&quot;,&quot;shortcode&quot;:&quot;property-list&quot;,&quot;post_type&quot;:&quot;property-item&quot;,&quot;next_page&quot;:&quot;2&quot;,&quot;max_pages_num&quot;:1,&quot;layout&quot;:&quot;info-over-image&quot;,&quot;title_tag&quot;:&quot;h4&quot;,&quot;behavior&quot;:&quot;columns&quot;,&quot;images_proportion&quot;:&quot;full&quot;,&quot;columns&quot;:&quot;2&quot;,&quot;columns_responsive&quot;:&quot;predefined&quot;,&quot;columns_1440&quot;:&quot;3&quot;,&quot;columns_1368&quot;:&quot;3&quot;,&quot;columns_1366&quot;:&quot;3&quot;,&quot;columns_1280&quot;:&quot;3&quot;,&quot;columns_1024&quot;:&quot;3&quot;,&quot;columns_768&quot;:&quot;3&quot;,&quot;columns_680&quot;:&quot;3&quot;,&quot;columns_480&quot;:&quot;3&quot;,&quot;space&quot;:&quot;no&quot;,&quot;posts_per_page&quot;:&quot;6&quot;,&quot;orderby&quot;:&quot;date&quot;,&quot;order&quot;:&quot;ASC&quot;,&quot;additional_params&quot;:&quot;tax&quot;,&quot;tax&quot;:&quot;property-tag&quot;,&quot;tax_slug&quot;:&quot;modern&quot;,&quot;pagination_type&quot;:&quot;no-pagination&quot;,&quot;object_class_name&quot;:&quot;FokknerCore_Property_List_Shortcode&quot;,&quot;additional_query_args&quot;:{&quot;tax_query&quot;:[{&quot;taxonomy&quot;:&quot;property-tag&quot;,&quot;field&quot;:&quot;slug&quot;,&quot;terms&quot;:&quot;modern&quot;}]},&quot;query_array&quot;:{&quot;post_status&quot;:&quot;publish&quot;,&quot;post_type&quot;:&quot;property-item&quot;,&quot;posts_per_page&quot;:&quot;6&quot;,&quot;orderby&quot;:&quot;date&quot;,&quot;order&quot;:&quot;ASC&quot;,&quot;ignore_sticky_posts&quot;:1,&quot;paged&quot;:1,&quot;tax_query&quot;:[{&quot;taxonomy&quot;:&quot;property-tag&quot;,&quot;field&quot;:&quot;slug&quot;,&quot;terms&quot;:&quot;modern&quot;}]},&quot;item_classes&quot;:&quot;qodef-e qodef-grid-item qodef-grid-item&quot;,&quot;posts_count&quot;:5,&quot;space_value&quot;:0}\">\n\t<div class=\"qodef-grid-inner clear\">\n\t\t<article class=\"qodef-e qodef-grid-item qodef-item--full post-8423 property-item type-property-item status-publish has-post-thumbnail hentry property-category-devam-eden-projeler property-tag-modern\">\n\t<div class=\"qodef-e-inner\">\n\t\t\t\t<div class=\"qodef-e-image\">\n\t\t\t\t<div class=\"qodef-e-media-image\">\n\t\t<a itemprop=\"url\" href=\"https:\/\/cukurovaliparis.com\/en\/property-item\/beylerbeyi-cukurova-liparis-residences\/\">\n\t\t\t<img loading=\"lazy\" decoding=\"async\" width=\"900\" height=\"578\" src=\"https:\/\/cukurovaliparis.com\/wp-content\/uploads\/2021\/05\/beylerbeyi-kapak.jpg\" class=\"attachment-full size-full wp-post-image\" alt=\"\" srcset=\"https:\/\/cukurovaliparis.com\/wp-content\/uploads\/2021\/05\/beylerbeyi-kapak.jpg 900w, https:\/\/cukurovaliparis.com\/wp-content\/uploads\/2021\/05\/beylerbeyi-kapak-300x193.jpg 300w, https:\/\/cukurovaliparis.com\/wp-content\/uploads\/2021\/05\/beylerbeyi-kapak-768x493.jpg 768w, https:\/\/cukurovaliparis.com\/wp-content\/uploads\/2021\/05\/beylerbeyi-kapak-600x385.jpg 600w\" sizes=\"(max-width: 900px) 100vw, 900px\" \/>\t\t<\/a>\n\t<\/div>\n\n\t\t<\/div>\n\t\t<div class=\"qodef-e-content\">\n\t\t\t<div class=\"qodef-e-content-inner\">\n\t\t\t\t<h4 itemprop=\"name\" class=\"qodef-e-title entry-title\" >\n\t<a itemprop=\"url\" class=\"qodef-e-title-link\" href=\"https:\/\/cukurovaliparis.com\/en\/property-item\/beylerbeyi-cukurova-liparis-residences\/\">\n\t\tBeylerbeyi \u00c7ukurova Liparis Residences\t<\/a>\n<\/h4>\n\t\t\t<\/div>\n\t\t<\/div>\n\t\t\t<\/div>\n<\/article>\n<article class=\"qodef-e qodef-grid-item qodef-item--full post-8412 property-item type-property-item status-publish has-post-thumbnail hentry property-category-devam-eden-projeler property-tag-modern\">\n\t<div class=\"qodef-e-inner\">\n\t\t\t\t<div class=\"qodef-e-image\">\n\t\t\t\t<div class=\"qodef-e-media-image\">\n\t\t<a itemprop=\"url\" href=\"https:\/\/cukurovaliparis.com\/en\/property-item\/cengelkoy-cukurova-liparis-residences\/\">\n\t\t\t<img loading=\"lazy\" decoding=\"async\" width=\"900\" height=\"578\" src=\"https:\/\/cukurovaliparis.com\/wp-content\/uploads\/2021\/05\/cukurova-kapak.jpg\" class=\"attachment-full size-full wp-post-image\" alt=\"\" srcset=\"https:\/\/cukurovaliparis.com\/wp-content\/uploads\/2021\/05\/cukurova-kapak.jpg 900w, https:\/\/cukurovaliparis.com\/wp-content\/uploads\/2021\/05\/cukurova-kapak-300x193.jpg 300w, https:\/\/cukurovaliparis.com\/wp-content\/uploads\/2021\/05\/cukurova-kapak-768x493.jpg 768w, https:\/\/cukurovaliparis.com\/wp-content\/uploads\/2021\/05\/cukurova-kapak-600x385.jpg 600w\" sizes=\"(max-width: 900px) 100vw, 900px\" \/>\t\t<\/a>\n\t<\/div>\n\n\t\t<\/div>\n\t\t<div class=\"qodef-e-content\">\n\t\t\t<div class=\"qodef-e-content-inner\">\n\t\t\t\t<h4 itemprop=\"name\" class=\"qodef-e-title entry-title\" >\n\t<a itemprop=\"url\" class=\"qodef-e-title-link\" href=\"https:\/\/cukurovaliparis.com\/en\/property-item\/cengelkoy-cukurova-liparis-residences\/\">\n\t\t\u00c7engelk\u00f6y \u00c7ukurova Liparis Residences\t<\/a>\n<\/h4>\n\t\t\t<\/div>\n\t\t<\/div>\n\t\t\t<\/div>\n<\/article>\n<article class=\"qodef-e qodef-grid-item qodef-item--full post-8405 property-item type-property-item status-publish hentry property-category-gelecek-projeler property-tag-modern\">\n\t<div class=\"qodef-e-inner\">\n\t\t\t\t<div class=\"qodef-e-image\">\n\t\t\t\n\t\t<\/div>\n\t\t<div class=\"qodef-e-content\">\n\t\t\t<div class=\"qodef-e-content-inner\">\n\t\t\t\t<h4 itemprop=\"name\" class=\"qodef-e-title entry-title\" >\n\t<a itemprop=\"url\" class=\"qodef-e-title-link\" href=\"https:\/\/cukurovaliparis.com\/en\/property-item\/cengelkoy-cukurova-liparis-residences-2\/\">\n\t\t\u00c7engelk\u00f6y \u00c7ukurova Liparis Residences II\t<\/a>\n<\/h4>\n\t\t\t<\/div>\n\t\t<\/div>\n\t\t\t<\/div>\n<\/article>\n<article class=\"qodef-e qodef-grid-item qodef-item--full post-8399 property-item type-property-item status-publish hentry property-category-gelecek-projeler property-tag-modern\">\n\t<div class=\"qodef-e-inner\">\n\t\t\t\t<div class=\"qodef-e-image\">\n\t\t\t\n\t\t<\/div>\n\t\t<div class=\"qodef-e-content\">\n\t\t\t<div class=\"qodef-e-content-inner\">\n\t\t\t\t<h4 itemprop=\"name\" class=\"qodef-e-title entry-title\" >\n\t<a itemprop=\"url\" class=\"qodef-e-title-link\" href=\"https:\/\/cukurovaliparis.com\/en\/property-item\/cengelkoy-cukurova-liparis-residences-3\/\">\n\t\t\u00c7engelk\u00f6y \u00c7ukurova Liparis Residences III\t<\/a>\n<\/h4>\n\t\t\t<\/div>\n\t\t<\/div>\n\t\t\t<\/div>\n<\/article>\n<article class=\"qodef-e qodef-grid-item qodef-item--full post-8391 property-item type-property-item status-publish hentry property-category-gelecek-projeler property-tag-modern\">\n\t<div class=\"qodef-e-inner\">\n\t\t\t\t<div class=\"qodef-e-image\">\n\t\t\t\n\t\t<\/div>\n\t\t<div class=\"qodef-e-content\">\n\t\t\t<div class=\"qodef-e-content-inner\">\n\t\t\t\t<h4 itemprop=\"name\" class=\"qodef-e-title entry-title\" >\n\t<a itemprop=\"url\" class=\"qodef-e-title-link\" href=\"https:\/\/cukurovaliparis.com\/en\/property-item\/cubuklu-cukurova-liparis-evleri\/\">\n\t\t\u00c7ubuklu \u00c7ukurova Liparis Evleri\t<\/a>\n<\/h4>\n\t\t\t<\/div>\n\t\t<\/div>\n\t\t\t<\/div>\n<\/article>\n\t<\/div>\n\t<\/div>\n\t\t\t\t<\/div>\n\t\t\t\t<\/div>\n\t\t\t\t\t<\/div>\n\t\t<\/div>\n\t\t\t\t\t<\/div>\n\t\t<\/section>\n\t\t\t\t<\/div>\n\t\t","protected":false},"excerpt":{"rendered":"<p>\u00c7engelk\u00f6y \u00c7ukurova Liparis Evleri 2 In the calm fabric of the Bosphorus line, a distinguished residential project that prioritizes human scale is coming soon to \u00c7engelk\u00f6y. With the \u00c7ukurova Liparis approach, trust, architectural balance, and living comfort will come together on the same line. View \u00c7engelk\u00f6y \u00c7ukurova Liparis Evleri 3 A new generation mixed use [&hellip;]<\/p>\n","protected":false},"author":1,"featured_media":0,"parent":0,"menu_order":0,"comment_status":"closed","ping_status":"closed","template":"page-full-width.php","meta":{"footnotes":""},"class_list":["post-8361","page","type-page","status-publish","hentry"],"_links":{"self":[{"href":"https:\/\/cukurovaliparis.com\/en\/wp-json\/wp\/v2\/pages\/8361","targetHints":{"allow":["GET"]}}],"collection":[{"href":"https:\/\/cukurovaliparis.com\/en\/wp-json\/wp\/v2\/pages"}],"about":[{"href":"https:\/\/cukurovaliparis.com\/en\/wp-json\/wp\/v2\/types\/page"}],"author":[{"embeddable":true,"href":"https:\/\/cukurovaliparis.com\/en\/wp-json\/wp\/v2\/users\/1"}],"replies":[{"embeddable":true,"href":"https:\/\/cukurovaliparis.com\/en\/wp-json\/wp\/v2\/comments?post=8361"}],"version-history":[{"count":4,"href":"https:\/\/cukurovaliparis.com\/en\/wp-json\/wp\/v2\/pages\/8361\/revisions"}],"predecessor-version":[{"id":8368,"href":"https:\/\/cukurovaliparis.com\/en\/wp-json\/wp\/v2\/pages\/8361\/revisions\/8368"}],"wp:attachment":[{"href":"https:\/\/cukurovaliparis.com\/en\/wp-json\/wp\/v2\/media?parent=8361"}],"curies":[{"name":"wp","href":"https:\/\/api.w.org\/{rel}","templated":true}]}}